{"id":1391,"date":"2020-04-01T08:42:59","date_gmt":"2020-04-01T11:42:59","guid":{"rendered":"https:\/\/pelicula.qodeinteractive.com\/?page_id=1391"},"modified":"2025-05-20T22:58:50","modified_gmt":"2025-05-21T01:58:50","slug":"estudio","status":"publish","type":"page","link":"https:\/\/amletobarboni.com.br\/en\/estudio\/","title":{"rendered":"Studio"},"content":{"rendered":"<div data-elementor-type=\"wp-page\" data-elementor-id=\"1391\" class=\"elementor elementor-1391\" data-elementor-settings=\"[]\">\n\t\t\t\t\t\t<div class=\"elementor-inner\">\n\t\t\t\t\t\t\t<div class=\"elementor-section-wrap\">\n\t\t\t\t\t\t\t<section class=\"elementor-section elementor-top-section elementor-element elementor-element-2d20071 elementor-section-boxed elementor-section-height-default elementor-section-height-default qodef-elementor-content-no\" data-id=\"2d20071\" data-element_type=\"section\">\n\t\t\t\t\t\t<div class=\"elementor-container elementor-column-gap-default\">\n\t\t\t\t\t\t\t<div class=\"elementor-row\">\n\t\t\t\t\t<div class=\"elementor-column elementor-col-100 elementor-top-column elementor-element elementor-element-e2054fd\" data-id=\"e2054fd\" data-element_type=\"column\">\n\t\t\t<div class=\"elementor-column-wrap elementor-element-populated\">\n\t\t\t\t\t\t\t<div class=\"elementor-widget-wrap\">\n\t\t\t\t\t\t<div class=\"elementor-element elementor-element-c1a2efd elementor-invisible elementor-widget elementor-widget-heading\" data-id=\"c1a2efd\" data-element_type=\"widget\" data-settings=\"{&quot;_animation&quot;:&quot;fadeIn&quot;}\" data-widget_type=\"heading.default\">\n\t\t\t\t<div class=\"elementor-widget-container\">\n\t\t\t<h2 class=\"elementor-heading-title elementor-size-default\">Over 20 years of great music and good times. A starting point.<\/h2>\t\t<\/div>\n\t\t\t\t<\/div>\n\t\t\t\t<div class=\"elementor-element elementor-element-5690cf2 elementor-widget elementor-widget-text-editor\" data-id=\"5690cf2\" data-element_type=\"widget\" data-widget_type=\"text-editor.default\">\n\t\t\t\t<div class=\"elementor-widget-container\">\n\t\t\t\t\t<div class=\"elementor-text-editor elementor-clearfix\"><p class=\"p1\">Situado em S\u00e3o Paulo no bairro de Perdizes, conta com duas salas de grava\u00e7\u00e3o, Iso both e t\u00e9cnica. Pr\u00e9s de microfone Neve, Shadow Hills, SSL, API, Focusrite Red, perif\u00e9ricos anal\u00f3gicos\/ valvulados e digitais. Sistema Protools com interface Avid HD IO, gravador de fita Lyrec de meia polegada, patchbay Switchcraft com cabeamento Mogami e amplificadores de guitarra vintage e de boutique. Instrumentos vintage, pedais de efeito, caixa Leslie 120, piano ac\u00fastico e uma bateria Tama Starclassic em Birch. \u00c9 uma op\u00e7\u00e3o a mais e exclusiva para o desenvolvimento dos trabalhos de produ\u00e7\u00e3o musical. Para projetos audiovisuais conta com uma c\u00e2mera Blackmagic mini Ursa com rig Camvision, boom Sennheiser M66 e battery pack IDX, lentes vintage e anam\u00f3rfica 2x, ilha de edi\u00e7\u00e3o e coloriza\u00e7\u00e3o.<\/p><\/div>\n\t\t\t\t<\/div>\n\t\t\t\t<\/div>\n\t\t\t\t<div class=\"elementor-element elementor-element-3db6c47 elementor-widget elementor-widget-pelicula_core_image_gallery\" data-id=\"3db6c47\" data-element_type=\"widget\" data-widget_type=\"pelicula_core_image_gallery.default\">\n\t\t\t\t<div class=\"elementor-widget-container\">\n\t\t\t<div class=\"qodef-shortcode qodef-m  qodef-image-gallery qodef-magnific-popup qodef-popup-gallery qodef-grid qodef-layout--masonry qodef-items--fixed  qodef-gutter--small qodef-col-num--4  qodef-responsive--predefined\">\n    <div class=\"qodef-grid-inner clear\">\n\t\t\t<div class=\"qodef-grid-masonry-sizer\"><\/div>\n\t<div class=\"qodef-grid-masonry-gutter\"><\/div>\n<div class=\"qodef-e qodef-image-wrapper qodef-grid-item qodef-item--landscape\">\n\t\t\t<a class=\"qodef-popup-item\" itemprop=\"image\" href=\"https:\/\/amletobarboni.com.br\/wp-content\/uploads\/2025\/05\/Studio-1.png\" data-type=\"image\" title=\"Lyrec\">\n\t\t\t<img width=\"1300\" height=\"650\" src=\"https:\/\/amletobarboni.com.br\/wp-content\/uploads\/2025\/05\/Studio-1-1300x650.png\" class=\"attachment-pelicula_image_size_landscape size-pelicula_image_size_landscape\" alt=\"Lyrec\" loading=\"lazy\" srcset=\"https:\/\/amletobarboni.com.br\/wp-content\/uploads\/2025\/05\/Studio-1-1300x650.png 1300w, https:\/\/amletobarboni.com.br\/wp-content\/uploads\/2025\/05\/Studio-1-300x150.png 300w, https:\/\/amletobarboni.com.br\/wp-content\/uploads\/2025\/05\/Studio-1-1024x511.png 1024w, https:\/\/amletobarboni.com.br\/wp-content\/uploads\/2025\/05\/Studio-1-768x383.png 768w, https:\/\/amletobarboni.com.br\/wp-content\/uploads\/2025\/05\/Studio-1-1536x767.png 1536w, https:\/\/amletobarboni.com.br\/wp-content\/uploads\/2025\/05\/Studio-1-16x8.png 16w, https:\/\/amletobarboni.com.br\/wp-content\/uploads\/2025\/05\/Studio-1.png 1603w\" sizes=\"(max-width: 1300px) 100vw, 1300px\" \/>\t\t\t<\/a>\n\t<\/div><div class=\"qodef-e qodef-image-wrapper qodef-grid-item qodef-item--landscape\">\n\t\t\t<a class=\"qodef-popup-item\" itemprop=\"image\" href=\"https:\/\/amletobarboni.com.br\/wp-content\/uploads\/2020\/07\/img-studio-4.jpg\" data-type=\"image\" title=\"Drum Room\">\n\t\t\t<img width=\"1300\" height=\"650\" src=\"https:\/\/amletobarboni.com.br\/wp-content\/uploads\/2020\/07\/img-studio-4-1300x650.jpg\" class=\"attachment-pelicula_image_size_landscape size-pelicula_image_size_landscape\" alt=\"Drum Room\" loading=\"lazy\" srcset=\"https:\/\/amletobarboni.com.br\/wp-content\/uploads\/2020\/07\/img-studio-4-1300x650.jpg 1300w, https:\/\/amletobarboni.com.br\/wp-content\/uploads\/2020\/07\/img-studio-4-300x150.jpg 300w, https:\/\/amletobarboni.com.br\/wp-content\/uploads\/2020\/07\/img-studio-4-1024x512.jpg 1024w, https:\/\/amletobarboni.com.br\/wp-content\/uploads\/2020\/07\/img-studio-4-768x384.jpg 768w, https:\/\/amletobarboni.com.br\/wp-content\/uploads\/2020\/07\/img-studio-4-1536x768.jpg 1536w, https:\/\/amletobarboni.com.br\/wp-content\/uploads\/2020\/07\/img-studio-4.jpg 1600w\" sizes=\"(max-width: 1300px) 100vw, 1300px\" \/>\t\t\t<\/a>\n\t<\/div><div class=\"qodef-e qodef-image-wrapper qodef-grid-item qodef-item--huge-square\">\n\t\t\t<a class=\"qodef-popup-item\" itemprop=\"image\" href=\"https:\/\/amletobarboni.com.br\/wp-content\/uploads\/2020\/07\/img-studio-1.jpg\" data-type=\"image\" title=\"Soultone 1987ps\">\n\t\t\t<img width=\"1200\" height=\"1200\" src=\"https:\/\/amletobarboni.com.br\/wp-content\/uploads\/2020\/07\/img-studio-1.jpg\" class=\"attachment-pelicula_image_size_huge-square size-pelicula_image_size_huge-square\" alt=\"Soultone 1987ps\" loading=\"lazy\" srcset=\"https:\/\/amletobarboni.com.br\/wp-content\/uploads\/2020\/07\/img-studio-1.jpg 1200w, https:\/\/amletobarboni.com.br\/wp-content\/uploads\/2020\/07\/img-studio-1-300x300.jpg 300w, https:\/\/amletobarboni.com.br\/wp-content\/uploads\/2020\/07\/img-studio-1-1024x1024.jpg 1024w, https:\/\/amletobarboni.com.br\/wp-content\/uploads\/2020\/07\/img-studio-1-150x150.jpg 150w, https:\/\/amletobarboni.com.br\/wp-content\/uploads\/2020\/07\/img-studio-1-768x768.jpg 768w, https:\/\/amletobarboni.com.br\/wp-content\/uploads\/2020\/07\/img-studio-1-650x650.jpg 650w\" sizes=\"(max-width: 1200px) 100vw, 1200px\" \/>\t\t\t<\/a>\n\t<\/div><div class=\"qodef-e qodef-image-wrapper qodef-grid-item qodef-item--square\">\n\t\t\t<a class=\"qodef-popup-item\" itemprop=\"image\" href=\"https:\/\/amletobarboni.com.br\/wp-content\/uploads\/2020\/07\/img-studio-2.jpg\" data-type=\"image\" title=\"Control Room\">\n\t\t\t<img width=\"650\" height=\"650\" src=\"https:\/\/amletobarboni.com.br\/wp-content\/uploads\/2020\/07\/img-studio-2-650x650.jpg\" class=\"attachment-pelicula_image_size_square size-pelicula_image_size_square\" alt=\"Control Room\" loading=\"lazy\" srcset=\"https:\/\/amletobarboni.com.br\/wp-content\/uploads\/2020\/07\/img-studio-2-650x650.jpg 650w, https:\/\/amletobarboni.com.br\/wp-content\/uploads\/2020\/07\/img-studio-2-300x300.jpg 300w, https:\/\/amletobarboni.com.br\/wp-content\/uploads\/2020\/07\/img-studio-2-150x150.jpg 150w, https:\/\/amletobarboni.com.br\/wp-content\/uploads\/2020\/07\/img-studio-2-768x768.jpg 768w, https:\/\/amletobarboni.com.br\/wp-content\/uploads\/2020\/07\/img-studio-2.jpg 800w\" sizes=\"(max-width: 650px) 100vw, 650px\" \/>\t\t\t<\/a>\n\t<\/div><div class=\"qodef-e qodef-image-wrapper qodef-grid-item qodef-item--square\">\n\t\t\t<a class=\"qodef-popup-item\" itemprop=\"image\" href=\"https:\/\/amletobarboni.com.br\/wp-content\/uploads\/2020\/07\/img-studio-3.jpg\" data-type=\"image\" title=\"Live Room\">\n\t\t\t<img width=\"650\" height=\"650\" src=\"https:\/\/amletobarboni.com.br\/wp-content\/uploads\/2020\/07\/img-studio-3-650x650.jpg\" class=\"attachment-pelicula_image_size_square size-pelicula_image_size_square\" alt=\"Live Room\" loading=\"lazy\" srcset=\"https:\/\/amletobarboni.com.br\/wp-content\/uploads\/2020\/07\/img-studio-3-650x650.jpg 650w, https:\/\/amletobarboni.com.br\/wp-content\/uploads\/2020\/07\/img-studio-3-300x300.jpg 300w, https:\/\/amletobarboni.com.br\/wp-content\/uploads\/2020\/07\/img-studio-3-150x150.jpg 150w, https:\/\/amletobarboni.com.br\/wp-content\/uploads\/2020\/07\/img-studio-3-768x768.jpg 768w, https:\/\/amletobarboni.com.br\/wp-content\/uploads\/2020\/07\/img-studio-3.jpg 800w\" sizes=\"(max-width: 650px) 100vw, 650px\" \/>\t\t\t<\/a>\n\t<\/div><div class=\"qodef-e qodef-image-wrapper qodef-grid-item qodef-item--full\">\n\t\t\t<a class=\"qodef-popup-item\" itemprop=\"image\" href=\"https:\/\/amletobarboni.com.br\/wp-content\/uploads\/2025\/05\/IMG_9060.jpg\" data-type=\"image\" title=\"Control Room\">\n\t\t\t<img width=\"808\" height=\"800\" src=\"https:\/\/amletobarboni.com.br\/wp-content\/uploads\/2025\/05\/IMG_9060.jpg\" class=\"attachment-full size-full\" alt=\"Control Room\" loading=\"lazy\" srcset=\"https:\/\/amletobarboni.com.br\/wp-content\/uploads\/2025\/05\/IMG_9060.jpg 808w, https:\/\/amletobarboni.com.br\/wp-content\/uploads\/2025\/05\/IMG_9060-300x297.jpg 300w, https:\/\/amletobarboni.com.br\/wp-content\/uploads\/2025\/05\/IMG_9060-150x150.jpg 150w, https:\/\/amletobarboni.com.br\/wp-content\/uploads\/2025\/05\/IMG_9060-768x760.jpg 768w, https:\/\/amletobarboni.com.br\/wp-content\/uploads\/2025\/05\/IMG_9060-12x12.jpg 12w\" sizes=\"(max-width: 808px) 100vw, 808px\" \/>\t\t\t<\/a>\n\t<\/div><div class=\"qodef-e qodef-image-wrapper qodef-grid-item qodef-item--full\">\n\t\t\t<a class=\"qodef-popup-item\" itemprop=\"image\" href=\"https:\/\/amletobarboni.com.br\/wp-content\/uploads\/2025\/05\/IMG_9032.jpg\" data-type=\"image\" title=\"Live Room\">\n\t\t\t<img width=\"812\" height=\"800\" src=\"https:\/\/amletobarboni.com.br\/wp-content\/uploads\/2025\/05\/IMG_9032.jpg\" class=\"attachment-full size-full\" alt=\"Live Room\" loading=\"lazy\" srcset=\"https:\/\/amletobarboni.com.br\/wp-content\/uploads\/2025\/05\/IMG_9032.jpg 812w, https:\/\/amletobarboni.com.br\/wp-content\/uploads\/2025\/05\/IMG_9032-300x296.jpg 300w, https:\/\/amletobarboni.com.br\/wp-content\/uploads\/2025\/05\/IMG_9032-768x757.jpg 768w, https:\/\/amletobarboni.com.br\/wp-content\/uploads\/2025\/05\/IMG_9032-12x12.jpg 12w\" sizes=\"(max-width: 812px) 100vw, 812px\" \/>\t\t\t<\/a>\n\t<\/div>    <\/div>\n<\/div>\t\t<\/div>\n\t\t\t\t<\/div>\n\t\t\t\t\t\t<\/div>\n\t\t\t\t\t<\/div>\n\t\t<\/div>\n\t\t\t\t\t\t\t\t<\/div>\n\t\t\t\t\t<\/div>\n\t\t<\/section>\n\t\t\t\t\t\t<\/div>\n\t\t\t\t\t\t<\/div>\n\t\t\t\t\t<\/div>","protected":false},"excerpt":{"rendered":"<p>Mais de 20 anos de muita m\u00fasica e bons momentos. Um ponto de partida. Situado em S\u00e3o Paulo no bairro de Perdizes, conta com duas salas de grava\u00e7\u00e3o, Iso both e t\u00e9cnica. Pr\u00e9s de microfone Neve, Shadow Hills, SSL, API, Focusrite Red, perif\u00e9ricos anal\u00f3gicos\/ valvulados e digitais. Sistema Protools com interface Avid HD IO, gravador [&hellip;]<\/p>","protected":false},"author":1,"featured_media":0,"parent":0,"menu_order":0,"comment_status":"closed","ping_status":"closed","template":"","meta":[],"yoast_head":"<!-- This site is optimized with the Yoast SEO plugin v15.6.2 - https:\/\/yoast.com\/wordpress\/plugins\/seo\/ -->\n<title>Est\u00fadio | Amleto Barboni<\/title>\n<meta name=\"description\" content=\"Grava\u00e7\u00e3o, Mixagem e Masteriza\u00e7\u00e3o\" \/>\n<meta name=\"robots\" content=\"index, follow, max-snippet:-1, max-image-preview:large, max-video-preview:-1\" \/>\n<link rel=\"canonical\" href=\"https:\/\/amletobarboni.com.br\/en\/estudio\/\" \/>\n<meta property=\"og:locale\" content=\"en_US\" \/>\n<meta property=\"og:type\" content=\"article\" \/>\n<meta property=\"og:title\" content=\"Est\u00fadio | Amleto Barboni\" \/>\n<meta property=\"og:description\" content=\"Grava\u00e7\u00e3o, Mixagem e Masteriza\u00e7\u00e3o\" \/>\n<meta property=\"og:url\" content=\"https:\/\/amletobarboni.com.br\/en\/estudio\/\" \/>\n<meta property=\"og:site_name\" content=\"Amleto Barboni\" \/>\n<meta property=\"article:modified_time\" content=\"2025-05-21T01:58:50+00:00\" \/>\n<meta property=\"og:image\" content=\"https:\/\/amletobarboni.com.br\/wp-content\/uploads\/2025\/05\/Studio-1-1300x650.png\" \/>\n<meta name=\"twitter:card\" content=\"summary_large_image\" \/>\n<meta name=\"twitter:label1\" content=\"Est. reading time\">\n\t<meta name=\"twitter:data1\" content=\"2 minutes\">\n<script type=\"application\/ld+json\" class=\"yoast-schema-graph\">{\"@context\":\"https:\/\/schema.org\",\"@graph\":[{\"@type\":[\"Person\",\"Organization\"],\"@id\":\"https:\/\/amletobarboni.com.br\/#\/schema\/person\/48676fa4fdc38129bc6cd1400d67ace6\",\"name\":\"Amleto Barboni\",\"image\":{\"@type\":\"ImageObject\",\"@id\":\"https:\/\/amletobarboni.com.br\/#personlogo\",\"inLanguage\":\"en-US\",\"url\":\"https:\/\/amletobarboni.com.br\/wp-content\/uploads\/2020\/07\/logo-amleto-black.png\",\"width\":1133,\"height\":1200,\"caption\":\"Amleto Barboni\"},\"logo\":{\"@id\":\"https:\/\/amletobarboni.com.br\/#personlogo\"},\"sameAs\":[\"https:\/\/amletobarboni.com.br\"]},{\"@type\":\"WebSite\",\"@id\":\"https:\/\/amletobarboni.com.br\/#website\",\"url\":\"https:\/\/amletobarboni.com.br\/\",\"name\":\"Amleto Barboni\",\"description\":\"Produtor Musical e Audiovisual\",\"publisher\":{\"@id\":\"https:\/\/amletobarboni.com.br\/#\/schema\/person\/48676fa4fdc38129bc6cd1400d67ace6\"},\"potentialAction\":[{\"@type\":\"SearchAction\",\"target\":\"https:\/\/amletobarboni.com.br\/?s={search_term_string}\",\"query-input\":\"required name=search_term_string\"}],\"inLanguage\":\"en-US\"},{\"@type\":\"ImageObject\",\"@id\":\"https:\/\/amletobarboni.com.br\/estudio\/#primaryimage\",\"inLanguage\":\"en-US\",\"url\":\"https:\/\/amletobarboni.com.br\/wp-content\/uploads\/2025\/05\/Studio-1.png\",\"width\":1603,\"height\":800,\"caption\":\"Lyrec\"},{\"@type\":\"WebPage\",\"@id\":\"https:\/\/amletobarboni.com.br\/estudio\/#webpage\",\"url\":\"https:\/\/amletobarboni.com.br\/estudio\/\",\"name\":\"Est\\u00fadio | Amleto Barboni\",\"isPartOf\":{\"@id\":\"https:\/\/amletobarboni.com.br\/#website\"},\"primaryImageOfPage\":{\"@id\":\"https:\/\/amletobarboni.com.br\/estudio\/#primaryimage\"},\"datePublished\":\"2020-04-01T11:42:59+00:00\",\"dateModified\":\"2025-05-21T01:58:50+00:00\",\"description\":\"Grava\\u00e7\\u00e3o, Mixagem e Masteriza\\u00e7\\u00e3o\",\"inLanguage\":\"en-US\",\"potentialAction\":[{\"@type\":\"ReadAction\",\"target\":[\"https:\/\/amletobarboni.com.br\/estudio\/\"]}]}]}<\/script>\n<!-- \/ Yoast SEO plugin. -->","_links":{"self":[{"href":"https:\/\/amletobarboni.com.br\/en\/wp-json\/wp\/v2\/pages\/1391"}],"collection":[{"href":"https:\/\/amletobarboni.com.br\/en\/wp-json\/wp\/v2\/pages"}],"about":[{"href":"https:\/\/amletobarboni.com.br\/en\/wp-json\/wp\/v2\/types\/page"}],"author":[{"embeddable":true,"href":"https:\/\/amletobarboni.com.br\/en\/wp-json\/wp\/v2\/users\/1"}],"replies":[{"embeddable":true,"href":"https:\/\/amletobarboni.com.br\/en\/wp-json\/wp\/v2\/comments?post=1391"}],"version-history":[{"count":59,"href":"https:\/\/amletobarboni.com.br\/en\/wp-json\/wp\/v2\/pages\/1391\/revisions"}],"predecessor-version":[{"id":4424,"href":"https:\/\/amletobarboni.com.br\/en\/wp-json\/wp\/v2\/pages\/1391\/revisions\/4424"}],"wp:attachment":[{"href":"https:\/\/amletobarboni.com.br\/en\/wp-json\/wp\/v2\/media?parent=1391"}],"curies":[{"name":"wp","href":"https:\/\/api.w.org\/{rel}","templated":true}]}}