{"id":1251,"date":"2020-03-31T13:48:34","date_gmt":"2020-03-31T16:48:34","guid":{"rendered":"https:\/\/pelicula.qodeinteractive.com\/?page_id=1251"},"modified":"2025-05-23T14:59:20","modified_gmt":"2025-05-23T17:59:20","slug":"bio","status":"publish","type":"page","link":"https:\/\/amletobarboni.com.br\/en\/bio\/","title":{"rendered":"Bio"},"content":{"rendered":"<div data-elementor-type=\"wp-page\" data-elementor-id=\"1251\" class=\"elementor elementor-1251\" data-elementor-settings=\"[]\">\n\t\t\t\t\t\t<div class=\"elementor-inner\">\n\t\t\t\t\t\t\t<div class=\"elementor-section-wrap\">\n\t\t\t\t\t\t\t<section class=\"elementor-section elementor-top-section elementor-element elementor-element-2192be3 elementor-section-full_width qodef-elementor-content-grid elementor-section-height-default elementor-section-height-default\" data-id=\"2192be3\" data-element_type=\"section\">\n\t\t\t\t\t\t<div class=\"elementor-container elementor-column-gap-no\">\n\t\t\t\t\t\t\t<div class=\"elementor-row\">\n\t\t\t\t\t<div class=\"elementor-column elementor-col-100 elementor-top-column elementor-element elementor-element-d1f93a4\" data-id=\"d1f93a4\" data-element_type=\"column\">\n\t\t\t<div class=\"elementor-column-wrap elementor-element-populated\">\n\t\t\t\t\t\t\t<div class=\"elementor-widget-wrap\">\n\t\t\t\t\t\t<div class=\"elementor-element elementor-element-4aa58b7 elementor-widget elementor-widget-pelicula_core_section_title\" data-id=\"4aa58b7\" data-element_type=\"widget\" data-widget_type=\"pelicula_core_section_title.default\">\n\t\t\t\t<div class=\"elementor-widget-container\">\n\t\t\t<div class=\"qodef-shortcode qodef-m  qodef-section-title qodef-alignment--center\" data-holder-options=\"{&quot;line-breaks&quot;:&quot;&quot;}\">\n\t\t<h6 class=\"qodef-m-tagline\" style=\"color: #6D6D6D\">\n\t\tA quick biography of\t<\/h6>\n\t\t<h2 class=\"qodef-m-title\" style=\"color: #FFFFFF\">\n\t\t\t\t\tAmleto Barboni\t\t\t<\/h2>\n\t<\/div>\t\t<\/div>\n\t\t\t\t<\/div>\n\t\t\t\t<div class=\"elementor-element elementor-element-b133f4d elementor-widget elementor-widget-text-editor\" data-id=\"b133f4d\" data-element_type=\"widget\" data-widget_type=\"text-editor.default\">\n\t\t\t\t<div class=\"elementor-widget-container\">\n\t\t\t\t\t<div class=\"elementor-text-editor elementor-clearfix\"><p class=\"p1\">Iniciou como t\u00e9cnico de \u00e1udio em 1998 e especializou-se no IAV (Instituto de \u00c1udio e V\u00eddeo). Inaugurou o Z&amp;O Est\u00fadio no mesmo ano operando durante dezoito anos como est\u00fadio comercial, no qual gravou e produziu os mais diferentes artistas nacionais e internacionais. Paralelamente em 2014 come\u00e7ou a atuar profissionalmente no setor audiovisual.<\/p><p class=\"p1\">A partir de 2016 o Z&amp;O Est\u00fadio, atual AB est\u00fadio, passou a atender exclusivamente \u00e0s produ\u00e7\u00f5es musicais, encerrando as atividades como est\u00fadio de loca\u00e7\u00e3o. No ano seguinte, Amleto tamb\u00e9m come\u00e7ou a atuar no ramo publicit\u00e1rio como head de produ\u00e7\u00e3o da ag\u00eancia Suba, sendo respons\u00e1vel pelo projeto, constru\u00e7\u00e3o do est\u00fadio e por toda produ\u00e7\u00e3o de conte\u00fado audiovisual para marcas e talentos. No mesmo ano foi o idealizador e coordenador pedag\u00f3gico do Mosh Institute, estrutura experimental de ensino de \u00e1udio sob a marca Mosh Studios, implementando com sucesso os cursos de grava\u00e7\u00e3o e mixagem. J\u00e1 executou trabalhos para: Fbiz, DPZ, AlmapBBDO, WMccann, TV Cultura e marcas como: Unilever, L\u2019\u00f3real, Visa, Lupo, Huggies, Lowko, Prevent S\u00eanior, entre outras.<\/p><p class=\"p1\">Como diretor e produtor musical da banda Rota\u00e7\u00e3o Inversa excursionou pelo pa\u00eds abrindo os shows de artistas como: Frejat, Skank, Capital Inicial, Paralamas do Sucesso, Jota Quest, Paula Toller, Zeca Baleiro, Tit\u00e3s, Arnaldo Antunes e Teatro M\u00e1gico. Tamb\u00e9m dirigiu o Show <i>Vivendo a Hist\u00f3ria da Guitarra Blues,<\/i> junto com marcos Ottaviano, excursionando pelo circuito Sesc. Como produtor destacam-se os trabalhos com: Lenine, Andr\u00e9 Chistovam, Blues Et\u00edlicos e Filippe Dias<\/p><p class=\"p1 translation-block\">In the educational field, some of his highlights include musical production for Marcos Ottaviano\u2019s blues guitar methods <i>Guitarra Blues<\/i> volumes 1 (with Guitar Player Magazine) and 2 (independent), and the development of the entire courseware for Mosh Institute. He has been responsible for the implementation and execution of the music production course at Brick School.<\/p><p class=\"p1 translation-block\">As a musician, his first album, <i>Amleto Barboni\u2019s Thing<\/i> was released in 2009 by the Delira M\u00fasica label from Rio de Janeiro, and was received with great enthusiasm by critics. The record features major names from the Brazilian blues scene such as Andr\u00e9 Christovam, Blues Et\u00edlicos, Marcos Ottaviano, Fl\u00e1vio Guimar\u00e3es, Ary Borger, Fabio Zaganin, Willbone, Ivan de Andrade, Rubinho Antunes, Daniel Latorre, plus American harmonica player Bruce Ewan. He has toured through many Sesc branches and major music clubs in support of the album. Following that, he released the <i>A Night at Maxwell Street<\/i> DVD, featuring some of the most well-regarded musicians in Brazilian blues. Both works received a nine-page coverage in <i>Cover Guitarra<\/i> and <i>Guitar Player<\/i> (the world\u2019s biggest guitar publication), among other music and audio magazines.<\/p><p class=\"p1 translation-block\">Amleto has performed on the TV special <i>Blues no Pa\u00eds do Samba<\/i>, broadcasted by Rede Cultura and TV Sesc; on the TV Gazeta show\u00a0<i>Todo Seu<\/i>, hosted by Ronnie Von; on the GNT show <i>Happy Hour<\/i>, hosted by Astrid Fontenelle; on the \u201cNovos Talentos\u201d (\u201cNew Talents\u201d) segment of the news program <i>Jornal do SBT<\/i>; and on live radio for the now-defunct Kiss FM show <i>House of Blues<\/i>; his music has been played on the 91Rock FM (Curitiba) show <i>Na Rota do Blues<\/i>, on Educadora FM (Salvador), and on R\u00e1dio USP (S\u00e3o Paulo), among other stations. He has played the Sesc N Blues Festival in 2008, 2009, and 2011; the Festival Nacional de Blues (\u201cNational Blues Festival\u201d) at Circo Voador in 2007; the Samsung Best of Blues festival in 2015, and the Ibitipoca Blues festival in 2016.<\/p><p class=\"p1\">Amleto has shared the stage with Andr\u00e9 Christovam, Blues Et\u00edlicos, Fl\u00e1vio Guimar\u00e3es, Marcos Ottaviano, Blue Jeans, Irmandade do Blues, Igor Prado, Robson Fernandes, Big Chico, Theo Werneck, Maur\u00edcio Sahady, among other names in the Brazilian blues scene; and also performed with Enrico Crivellaro (Italy), David Rotundo (Canada), Woody Mann (USA), Tony Osanah (Argentina), Andr\u00e9 Abujamra, Carlinhos Antunes (Bady Assad, Orquestra Mundana), M\u00e1rcio Werneck (Caboclada), Thadeu Meneghini, Kiko Moura, Luis Carlini, Netinho (Os Incr\u00edveis), Greg Wilson, Beto Werther, Ugo Perrota, Carlos Gaertner, Vasco Fa\u00e9, Adriano Grineberg, Fabio Zaganin ea Mario Fabre.\u00a0<\/p><p class=\"p2\">Among the many artists he has worked with in the studio are:<\/p><\/div>\n\t\t\t\t<\/div>\n\t\t\t\t<\/div>\n\t\t\t\t<section class=\"elementor-section elementor-inner-section elementor-element elementor-element-13182a8 elementor-hidden-phone elementor-section-boxed elementor-section-height-default elementor-section-height-default qodef-elementor-content-no\" data-id=\"13182a8\" data-element_type=\"section\">\n\t\t\t\t\t\t<div class=\"elementor-container elementor-column-gap-default\">\n\t\t\t\t\t\t\t<div class=\"elementor-row\">\n\t\t\t\t\t<div class=\"elementor-column elementor-col-50 elementor-inner-column elementor-element elementor-element-ca9e1dc\" data-id=\"ca9e1dc\" data-element_type=\"column\">\n\t\t\t<div class=\"elementor-column-wrap elementor-element-populated\">\n\t\t\t\t\t\t\t<div class=\"elementor-widget-wrap\">\n\t\t\t\t\t\t<div class=\"elementor-element elementor-element-f305552 elementor-widget elementor-widget-text-editor\" data-id=\"f305552\" data-element_type=\"widget\" data-widget_type=\"text-editor.default\">\n\t\t\t\t<div class=\"elementor-widget-container\">\n\t\t\t\t\t<div class=\"elementor-text-editor elementor-clearfix\"><ul><li><strong>Adriano Grineberg<\/strong> (Ana Ca\u00f1as, Ira)<\/li><li><strong>Andr\u00e9 Christovam<\/strong><\/li><li><strong>Andr\u00e9 Juarez<\/strong> (Milton Nascimento, Gilberto Gil)<\/li><li><strong>Andreas Kisser<\/strong> (Sepultura)<\/li><li><strong>Ary Holland<\/strong><\/li><li><strong>Ary Borger<\/strong><\/li><li><strong>Anthony King<\/strong> (USA)<\/li><li><strong>Arrigo Barnab\u00e9<\/strong><\/li><li><strong>Beto Lee<\/strong><\/li><li><strong>Bivolt<\/strong><\/li><li><strong>Blues Et\u00edlicos<\/strong><\/li><li><strong>Bruce Ewan<\/strong> (USA)<\/li><li><strong>Cassio Poleto<\/strong> (Bandolim El\u00e9trico)<\/li><li><strong>Cleverson Silva<\/strong><\/li><li><strong>Cynthia Luz<\/strong><\/li><li><strong>Daniel Latorre<\/strong><\/li><li><strong>David Jones<\/strong> (USA)<\/li><li><strong>Fl\u00e1vio Guimar\u00e3es<\/strong><\/li><li><strong>Fernando Anitelli<\/strong> (O Teatro M\u00e1gico)<\/li><li><strong>Fabio Brazza<\/strong><\/li><li><strong>Fernando Rosa<\/strong> (Paula Lima, Izzy Gordon)<\/li><li><strong>Fernandinho Beat Box<\/strong><\/li><li><strong>Faf\u00e1 de Bel\u00e9m<\/strong><\/li><li><strong>Filippe Dias<\/strong><\/li><li class=\"p1\"><strong>Gabriel Elias<\/strong><\/li><\/ul><\/div>\n\t\t\t\t<\/div>\n\t\t\t\t<\/div>\n\t\t\t\t\t\t<\/div>\n\t\t\t\t\t<\/div>\n\t\t<\/div>\n\t\t\t\t<div class=\"elementor-column elementor-col-50 elementor-inner-column elementor-element elementor-element-acca42e\" data-id=\"acca42e\" data-element_type=\"column\">\n\t\t\t<div class=\"elementor-column-wrap elementor-element-populated\">\n\t\t\t\t\t\t\t<div class=\"elementor-widget-wrap\">\n\t\t\t\t\t\t<div class=\"elementor-element elementor-element-417fb43 elementor-widget elementor-widget-text-editor\" data-id=\"417fb43\" data-element_type=\"widget\" data-widget_type=\"text-editor.default\">\n\t\t\t\t<div class=\"elementor-widget-container\">\n\t\t\t\t\t<div class=\"elementor-text-editor elementor-clearfix\"><ul><li><strong>Gary Smith<\/strong> (USA)<\/li><li class=\"p1\"><strong>Gra\u00e7a Cunha<\/strong> (J Quest, Skank)<\/li><li class=\"p1\"><strong>Howard Levy<\/strong> (USA)<\/li><li class=\"p1\"><strong>Igor Prado<\/strong><\/li><li class=\"p1\"><strong>Jo\u00e3o Para\u00edba<\/strong> (Trio Mocot\u00f3)<\/li><li class=\"p1\"><strong>Janice Maxxi Reid<\/strong> (USA)<\/li><li class=\"p1\"><strong>Junior Vargas<\/strong> (Luciana Melo, Jair de Oliveira)<\/li><li class=\"p1\"><strong>Lenine<\/strong><\/li><li class=\"p1\"><strong>Lurrie Bell<\/strong> (USA)<\/li><li class=\"p1\"><strong>Maria Alvim<\/strong><\/li><li class=\"p1\"><strong>Marina de La Riva<\/strong><\/li><li class=\"p1\"><strong>Mario Fabre<\/strong> (Tit\u00e3s)<\/li><li class=\"p1\"><strong>Negra Li<\/strong><\/li><li class=\"p1\"><strong>Paulo Zinner<\/strong> (Rita Lee)<\/li><li class=\"p1\"><strong>Paulo Calasans<\/strong> (Djavan)<\/li><li class=\"p1\"><strong>Robson Fernandes<\/strong><\/li><li class=\"p1\"><strong>Rick Estrin and the Nightcats<\/strong> (USA)<\/li><li class=\"p1\"><strong>R.J. Mischo<\/strong> (USA)<\/li><li class=\"p1\"><strong>Raul Mascarenhas<\/strong> (Gilberto Gil, Gal Costa)<\/li><li><strong>Thadeu Meneghini<\/strong><\/li><li class=\"p1\"><strong>Ted Falcon<\/strong> (USA)<\/li><li class=\"p1\"><strong>Theo Werneck<\/strong><\/li><li class=\"p1\"><strong>Vanderl\u00e9a<\/strong><\/li><li class=\"p1\"><strong>Steve Guyger<\/strong> (USA)<\/li><li class=\"p1\"><strong>Yves Passarell<\/strong> (Capital Inicial)<\/li><\/ul><\/div>\n\t\t\t\t<\/div>\n\t\t\t\t<\/div>\n\t\t\t\t\t\t<\/div>\n\t\t\t\t\t<\/div>\n\t\t<\/div>\n\t\t\t\t\t\t\t\t<\/div>\n\t\t\t\t\t<\/div>\n\t\t<\/section>\n\t\t\t\t<div class=\"elementor-element elementor-element-ad1efa0 elementor-hidden-desktop elementor-hidden-tablet elementor-widget elementor-widget-text-editor\" data-id=\"ad1efa0\" data-element_type=\"widget\" data-widget_type=\"text-editor.default\">\n\t\t\t\t<div class=\"elementor-widget-container\">\n\t\t\t\t\t<div class=\"elementor-text-editor elementor-clearfix\"><ul><li><strong>Adriano Grineberg<\/strong> (Ana Ca\u00f1as, Ira)<\/li><li><strong>Andr\u00e9 Christovam<\/strong><\/li><li><strong>Andr\u00e9 Juarez<\/strong> (Milton Nascimento, Gilberto Gil)<\/li><li><strong>Andreas Kisser<\/strong> (Sepultura)<\/li><li><strong>Ary Holland<\/strong><\/li><li><strong>Ary Borger<\/strong><\/li><li><strong>Anthony King<\/strong> (USA)<\/li><li><strong>Arrigo Barnab\u00e9<\/strong><\/li><li><strong>Beto Lee<\/strong><\/li><li><strong>Bivolt<\/strong><\/li><li><strong>Blues Et\u00edlicos<\/strong><\/li><li><strong>Bruce Ewan<\/strong> (USA)<\/li><li><strong>Cassio Poleto<\/strong> (Bandolim El\u00e9trico)<\/li><li><strong>Cleverson Silva<\/strong><\/li><li><strong>Cynthia Luz<\/strong><\/li><li><strong>Daniel Latorre<\/strong><\/li><li><strong>David Jones<\/strong> (USA)<\/li><li><strong>Fl\u00e1vio Guimar\u00e3es<\/strong><\/li><li><strong>Fernando Anitelli<\/strong> (O Teatro M\u00e1gico)<\/li><li><strong>Fabio Brazza<\/strong><\/li><li><strong>Fernando Rosa<\/strong> (Paula Lima, Izzy Gordon)<\/li><li><strong>Fernandinho Beat Box<\/strong><\/li><li><strong>Faf\u00e1 de Bel\u00e9m<\/strong><\/li><li><strong>Filippe Dias<\/strong><\/li><li class=\"p1\"><strong>Gabriel Elias<\/strong><\/li><li><strong>Gary Smith<\/strong> (USA)<\/li><li class=\"p1\"><strong>Gra\u00e7a Cunha<\/strong> (J Quest, Skank)<\/li><li class=\"p1\"><strong>Howard Levy<\/strong> (USA)<\/li><li class=\"p1\"><strong>Igor Prado<\/strong><\/li><li class=\"p1\"><strong>Jo\u00e3o Para\u00edba<\/strong> (Trio Mocot\u00f3)<\/li><li class=\"p1\"><strong>Janice Maxxi Reid<\/strong> (USA)<\/li><li class=\"p1\"><strong>Junior Vargas<\/strong> (Luciana Melo, Jair de Oliveira)<\/li><li class=\"p1\"><strong>Lenine<\/strong><\/li><li class=\"p1\"><strong>Lurrie Bell<\/strong> (USA)<\/li><li class=\"p1\"><strong>Maria Alvim<\/strong><\/li><li class=\"p1\"><strong>Marina de La Riva<\/strong><\/li><li class=\"p1\"><strong>Mario Fabre<\/strong> (Tit\u00e3s)<\/li><li class=\"p1\"><strong>Negra Li<\/strong><\/li><li class=\"p1\"><strong>Paulo Zinner<\/strong> (Rita Lee)<\/li><li class=\"p1\"><strong>Paulo Calasans<\/strong> (Djavan)<\/li><li class=\"p1\"><strong>Robson Fernandes<\/strong><\/li><li class=\"p1\"><strong>Rick Estrin and the Nightcats<\/strong> (USA)<\/li><li class=\"p1\"><strong>R.J. Mischo<\/strong> (USA)<\/li><li class=\"p1\"><strong>Raul Mascarenhas<\/strong> (Gilberto Gil, Gal Costa)<\/li><li><strong>Thadeu Meneghini<\/strong><\/li><li class=\"p1\"><strong>Ted Falcon<\/strong> (USA)<\/li><li class=\"p1\"><strong>Theo Werneck<\/strong><\/li><li class=\"p1\"><strong>Vanderl\u00e9a<\/strong><\/li><li class=\"p1\"><strong>Steve Guyger<\/strong> (USA)<\/li><li class=\"p1\"><strong>Yves Passarell<\/strong> (Capital Inicial)<\/li><\/ul><\/div>\n\t\t\t\t<\/div>\n\t\t\t\t<\/div>\n\t\t\t\t\t\t<\/div>\n\t\t\t\t\t<\/div>\n\t\t<\/div>\n\t\t\t\t\t\t\t\t<\/div>\n\t\t\t\t\t<\/div>\n\t\t<\/section>\n\t\t\t\t\t\t<\/div>\n\t\t\t\t\t\t<\/div>\n\t\t\t\t\t<\/div>","protected":false},"excerpt":{"rendered":"<p>Uma r\u00e1pida biografia de Amleto Barboni Iniciou como t\u00e9cnico de \u00e1udio em 1998 e especializou-se no IAV (Instituto de \u00c1udio e V\u00eddeo). Inaugurou o Z&amp;O Est\u00fadio no mesmo ano operando durante dezoito anos como est\u00fadio comercial, no qual gravou e produziu os mais diferentes artistas nacionais e internacionais. Paralelamente em 2014 come\u00e7ou a atuar profissionalmente [&hellip;]<\/p>","protected":false},"author":1,"featured_media":0,"parent":0,"menu_order":0,"comment_status":"closed","ping_status":"closed","template":"page-full-width.php","meta":[],"yoast_head":"<!-- This site is optimized with the Yoast SEO plugin v15.6.2 - https:\/\/yoast.com\/wordpress\/plugins\/seo\/ -->\n<title>Bio | Amleto Barboni<\/title>\n<meta name=\"description\" content=\"Produ\u00e7\u00e3o Musical e Audiovisual.\" \/>\n<meta name=\"robots\" content=\"index, follow, max-snippet:-1, max-image-preview:large, max-video-preview:-1\" \/>\n<link rel=\"canonical\" href=\"https:\/\/amletobarboni.com.br\/en\/bio\/\" \/>\n<meta property=\"og:locale\" content=\"en_US\" \/>\n<meta property=\"og:type\" content=\"article\" \/>\n<meta property=\"og:title\" content=\"Bio | Amleto Barboni\" \/>\n<meta property=\"og:description\" content=\"Produ\u00e7\u00e3o Musical e Audiovisual.\" \/>\n<meta property=\"og:url\" content=\"https:\/\/amletobarboni.com.br\/en\/bio\/\" \/>\n<meta property=\"og:site_name\" content=\"Amleto Barboni\" \/>\n<meta property=\"article:modified_time\" content=\"2025-05-23T17:59:20+00:00\" \/>\n<meta name=\"twitter:card\" content=\"summary_large_image\" \/>\n<meta name=\"twitter:label1\" content=\"Est. reading time\">\n\t<meta name=\"twitter:data1\" content=\"4 minutes\">\n<script type=\"application\/ld+json\" class=\"yoast-schema-graph\">{\"@context\":\"https:\/\/schema.org\",\"@graph\":[{\"@type\":[\"Person\",\"Organization\"],\"@id\":\"https:\/\/amletobarboni.com.br\/#\/schema\/person\/48676fa4fdc38129bc6cd1400d67ace6\",\"name\":\"Amleto Barboni\",\"image\":{\"@type\":\"ImageObject\",\"@id\":\"https:\/\/amletobarboni.com.br\/#personlogo\",\"inLanguage\":\"en-US\",\"url\":\"https:\/\/amletobarboni.com.br\/wp-content\/uploads\/2020\/07\/logo-amleto-black.png\",\"width\":1133,\"height\":1200,\"caption\":\"Amleto Barboni\"},\"logo\":{\"@id\":\"https:\/\/amletobarboni.com.br\/#personlogo\"},\"sameAs\":[\"https:\/\/amletobarboni.com.br\"]},{\"@type\":\"WebSite\",\"@id\":\"https:\/\/amletobarboni.com.br\/#website\",\"url\":\"https:\/\/amletobarboni.com.br\/\",\"name\":\"Amleto Barboni\",\"description\":\"Produtor Musical e Audiovisual\",\"publisher\":{\"@id\":\"https:\/\/amletobarboni.com.br\/#\/schema\/person\/48676fa4fdc38129bc6cd1400d67ace6\"},\"potentialAction\":[{\"@type\":\"SearchAction\",\"target\":\"https:\/\/amletobarboni.com.br\/?s={search_term_string}\",\"query-input\":\"required name=search_term_string\"}],\"inLanguage\":\"en-US\"},{\"@type\":\"WebPage\",\"@id\":\"https:\/\/amletobarboni.com.br\/bio\/#webpage\",\"url\":\"https:\/\/amletobarboni.com.br\/bio\/\",\"name\":\"Bio | Amleto Barboni\",\"isPartOf\":{\"@id\":\"https:\/\/amletobarboni.com.br\/#website\"},\"datePublished\":\"2020-03-31T16:48:34+00:00\",\"dateModified\":\"2025-05-23T17:59:20+00:00\",\"description\":\"Produ\\u00e7\\u00e3o Musical e Audiovisual.\",\"inLanguage\":\"en-US\",\"potentialAction\":[{\"@type\":\"ReadAction\",\"target\":[\"https:\/\/amletobarboni.com.br\/bio\/\"]}]}]}<\/script>\n<!-- \/ Yoast SEO plugin. -->","_links":{"self":[{"href":"https:\/\/amletobarboni.com.br\/en\/wp-json\/wp\/v2\/pages\/1251"}],"collection":[{"href":"https:\/\/amletobarboni.com.br\/en\/wp-json\/wp\/v2\/pages"}],"about":[{"href":"https:\/\/amletobarboni.com.br\/en\/wp-json\/wp\/v2\/types\/page"}],"author":[{"embeddable":true,"href":"https:\/\/amletobarboni.com.br\/en\/wp-json\/wp\/v2\/users\/1"}],"replies":[{"embeddable":true,"href":"https:\/\/amletobarboni.com.br\/en\/wp-json\/wp\/v2\/comments?post=1251"}],"version-history":[{"count":19,"href":"https:\/\/amletobarboni.com.br\/en\/wp-json\/wp\/v2\/pages\/1251\/revisions"}],"predecessor-version":[{"id":4572,"href":"https:\/\/amletobarboni.com.br\/en\/wp-json\/wp\/v2\/pages\/1251\/revisions\/4572"}],"wp:attachment":[{"href":"https:\/\/amletobarboni.com.br\/en\/wp-json\/wp\/v2\/media?parent=1251"}],"curies":[{"name":"wp","href":"https:\/\/api.w.org\/{rel}","templated":true}]}}